{"id":317,"date":"2019-04-17T01:44:03","date_gmt":"2019-04-17T01:44:03","guid":{"rendered":"https:\/\/demo2wpopal.b-cdn.net\/lexrider\/?page_id=317"},"modified":"2023-05-29T03:13:14","modified_gmt":"2023-05-28T20:13:14","slug":"club-info","status":"publish","type":"page","link":"https:\/\/hdhanoimc.com\/vi\/club-info\/","title":{"rendered":"V\u1ec1 ch\u00fang t\u00f4i"},"content":{"rendered":"\t\t<div data-elementor-type=\"wp-post\" data-elementor-id=\"317\" class=\"elementor elementor-317\">\n\t\t\t\t\t\t\t\t\t<section class=\"elementor-section elementor-top-section elementor-element elementor-element-7096fff elementor-section-boxed elementor-section-height-default elementor-section-height-default\" data-id=\"7096fff\" data-element_type=\"section\">\n\t\t\t\t\t\t<div class=\"elementor-container elementor-column-gap-no\">\n\t\t\t\t\t<div class=\"elementor-column elementor-col-50 elementor-top-column elementor-element elementor-element-5303ac7\" data-id=\"5303ac7\" data-element_type=\"column\">\n\t\t\t<div class=\"elementor-widget-wrap elementor-element-populated\">\n\t\t\t\t\t\t\t\t<div class=\"elementor-element elementor-element-be0101e elementor-tablet-align-center animated-fast elementor-invisible elementor-widget elementor-widget-heading\" data-id=\"be0101e\" data-element_type=\"widget\" data-settings=\"{&quot;_animation&quot;:&quot;opal-move-up&quot;}\" data-widget_type=\"heading.default\">\n\t\t\t\t<div class=\"elementor-widget-container\">\n\t\t\t<style>\/*! elementor - v3.11.5 - 14-03-2023 *\/\n.elementor-heading-title{padding:0;margin:0;line-height:1}.elementor-widget-heading .elementor-heading-title[class*=elementor-size-]>a{color:inherit;font-size:inherit;line-height:inherit}.elementor-widget-heading .elementor-heading-title.elementor-size-small{font-size:15px}.elementor-widget-heading .elementor-heading-title.elementor-size-medium{font-size:19px}.elementor-widget-heading .elementor-heading-title.elementor-size-large{font-size:29px}.elementor-widget-heading .elementor-heading-title.elementor-size-xl{font-size:39px}.elementor-widget-heading .elementor-heading-title.elementor-size-xxl{font-size:59px}<\/style><h2 class=\"elementor-heading-title elementor-size-default\">Club m\u00f4 t\u00f4 <span class=\"c-primary\">H - D HANOI MC<\/span><\/h2>\t\t<\/div>\n\t\t\t\t<\/div>\n\t\t\t\t<div class=\"elementor-element elementor-element-cf5c73c animated-fast elementor-invisible elementor-widget elementor-widget-text-editor\" data-id=\"cf5c73c\" data-element_type=\"widget\" data-settings=\"{&quot;_animation&quot;:&quot;opal-move-up&quot;}\" data-widget_type=\"text-editor.default\">\n\t\t\t\t<div class=\"elementor-widget-container\">\n\t\t\t<style>\/*! elementor - v3.11.5 - 14-03-2023 *\/\n.elementor-widget-text-editor.elementor-drop-cap-view-stacked .elementor-drop-cap{background-color:#818a91;color:#fff}.elementor-widget-text-editor.elementor-drop-cap-view-framed .elementor-drop-cap{color:#818a91;border:3px solid;background-color:transparent}.elementor-widget-text-editor:not(.elementor-drop-cap-view-default) .elementor-drop-cap{margin-top:8px}.elementor-widget-text-editor:not(.elementor-drop-cap-view-default) .elementor-drop-cap-letter{width:1em;height:1em}.elementor-widget-text-editor .elementor-drop-cap{float:left;text-align:center;line-height:1;font-size:50px}.elementor-widget-text-editor .elementor-drop-cap-letter{display:inline-block}<\/style>        <div class=\"elementor-text-editor elementor-clearfix\"><p>C\u00e2u l\u1ea1c b\u1ed9 M\u00f4 t\u00f4 th\u1ec3 thao H &#8211; D H\u00e0 N\u1ed9i l\u00e0 m\u1ed9t t\u1ed5 ch\u1ee9c phi l\u1ee3i nhu\u1eadn \u0111\u01b0\u1ee3c t\u1eadp h\u1ee3p b\u1edfi nh\u1eefng anh em c\u00f3 chung ni\u1ec1m \u0111am m\u00ea v\u1edbi M\u00f4 t\u00f4 Harley-Davidson t\u1ea1i H\u00e0 N\u1ed9i. N\u01a1i t\u1ed5 ch\u1ee9c m\u1ecdi chuy\u1ebfn \u0111i, ho\u1ea1t \u0111\u1ed9ng c\u1ee7a c\u00e1c th\u00e0nh vi\u00ean v\u1edbi ti\u00eau ch\u00ed h\u01b0\u1edbng \u0111\u1ebfn gi\u00e1 tr\u1ecb gia \u0111\u00ecnh.<\/p><\/div>\n        \t\t<\/div>\n\t\t\t\t<\/div>\n\t\t\t\t<div class=\"elementor-element elementor-element-6abc967 animated-fast elementor-tablet-align-center elementor-button-primary elementor-invisible elementor-widget elementor-widget-button\" data-id=\"6abc967\" data-element_type=\"widget\" data-settings=\"{&quot;_animation&quot;:&quot;opal-move-up&quot;}\" data-widget_type=\"button.default\">\n\t\t\t\t<div class=\"elementor-widget-container\">\n\t\t\t        <div class=\"elementor-button-wrapper\">\n            <a href=\"https:\/\/hdhanoimc.com\/vi\/vi\/events\/\" class=\"elementor-button-link elementor-button elementor-size-md\" target=\"_blank\" role=\"button\">\n                \t\t<span class=\"elementor-button-content-wrapper\">\n\t\t\t\t\t\t<span class=\"elementor-button-text\">Xem chi ti\u1ebft<\/span>\n\t\t<\/span>\n\t\t            <\/a>\n        <\/div>\n        \t\t<\/div>\n\t\t\t\t<\/div>\n\t\t\t\t<div class=\"elementor-element elementor-element-2148f5c img-animated elementor-widget elementor-widget-image\" data-id=\"2148f5c\" data-element_type=\"widget\" data-widget_type=\"image.default\">\n\t\t\t\t<div class=\"elementor-widget-container\">\n\t\t\t<style>\/*! elementor - v3.11.5 - 14-03-2023 *\/\n.elementor-widget-image{text-align:center}.elementor-widget-image a{display:inline-block}.elementor-widget-image a img[src$=\".svg\"]{width:48px}.elementor-widget-image img{vertical-align:middle;display:inline-block}<\/style>        <div class=\"elementor-image\">\n                                                <img width=\"1286\" height=\"965\" src=\"https:\/\/hdhanoimc.com\/vi\/wp-content\/uploads\/2019\/04\/336890319_155482997426381_5916735684384579470_n.jpg\" class=\"attachment-full size-full wp-image-6683\" alt=\"\" decoding=\"async\" loading=\"lazy\" srcset=\"https:\/\/hdhanoimc.com\/vi\/wp-content\/uploads\/2019\/04\/336890319_155482997426381_5916735684384579470_n.jpg 1286w, https:\/\/hdhanoimc.com\/vi\/wp-content\/uploads\/2019\/04\/336890319_155482997426381_5916735684384579470_n-600x450.jpg 600w, https:\/\/hdhanoimc.com\/vi\/wp-content\/uploads\/2019\/04\/336890319_155482997426381_5916735684384579470_n-300x225.jpg 300w, https:\/\/hdhanoimc.com\/vi\/wp-content\/uploads\/2019\/04\/336890319_155482997426381_5916735684384579470_n-1024x768.jpg 1024w, https:\/\/hdhanoimc.com\/vi\/wp-content\/uploads\/2019\/04\/336890319_155482997426381_5916735684384579470_n-768x576.jpg 768w, https:\/\/hdhanoimc.com\/vi\/wp-content\/uploads\/2019\/04\/336890319_155482997426381_5916735684384579470_n-400x300.jpg 400w\" sizes=\"(max-width: 1286px) 100vw, 1286px\" \/>                                                            <\/div>\n        \t\t<\/div>\n\t\t\t\t<\/div>\n\t\t\t\t\t<\/div>\n\t\t<\/div>\n\t\t\t\t<div class=\"elementor-column elementor-col-50 elementor-top-column elementor-element elementor-element-82a9ab1 c-primary\" data-id=\"82a9ab1\" data-element_type=\"column\">\n\t\t\t<div class=\"elementor-widget-wrap elementor-element-populated\">\n\t\t\t\t\t\t\t\t<div class=\"elementor-element elementor-element-bc9dd8a img-animated elementor-widget elementor-widget-image\" data-id=\"bc9dd8a\" data-element_type=\"widget\" data-widget_type=\"image.default\">\n\t\t\t\t<div class=\"elementor-widget-container\">\n\t\t\t        <div class=\"elementor-image\">\n                                                <img width=\"2048\" height=\"1536\" src=\"https:\/\/hdhanoimc.com\/vi\/wp-content\/uploads\/2019\/04\/337250363_597453765329969_6845106404352232781_n.jpg\" class=\"attachment-full size-full wp-image-6687\" alt=\"\" decoding=\"async\" loading=\"lazy\" srcset=\"https:\/\/hdhanoimc.com\/vi\/wp-content\/uploads\/2019\/04\/337250363_597453765329969_6845106404352232781_n.jpg 2048w, https:\/\/hdhanoimc.com\/vi\/wp-content\/uploads\/2019\/04\/337250363_597453765329969_6845106404352232781_n-600x450.jpg 600w, https:\/\/hdhanoimc.com\/vi\/wp-content\/uploads\/2019\/04\/337250363_597453765329969_6845106404352232781_n-300x225.jpg 300w, https:\/\/hdhanoimc.com\/vi\/wp-content\/uploads\/2019\/04\/337250363_597453765329969_6845106404352232781_n-1024x768.jpg 1024w, https:\/\/hdhanoimc.com\/vi\/wp-content\/uploads\/2019\/04\/337250363_597453765329969_6845106404352232781_n-768x576.jpg 768w, https:\/\/hdhanoimc.com\/vi\/wp-content\/uploads\/2019\/04\/337250363_597453765329969_6845106404352232781_n-1536x1152.jpg 1536w, https:\/\/hdhanoimc.com\/vi\/wp-content\/uploads\/2019\/04\/337250363_597453765329969_6845106404352232781_n-400x300.jpg 400w\" sizes=\"(max-width: 2048px) 100vw, 2048px\" \/>                                                            <\/div>\n        \t\t<\/div>\n\t\t\t\t<\/div>\n\t\t\t\t<div class=\"elementor-element elementor-element-bb0237d elementor-tablet-align-center elementor-widget elementor-widget-heading\" data-id=\"bb0237d\" data-element_type=\"widget\" data-widget_type=\"heading.default\">\n\t\t\t\t<div class=\"elementor-widget-container\">\n\t\t\t<h2 class=\"elementor-heading-title elementor-size-default\">Ch\u00fang t\u00f4i gi\u1eef s\u1ef1 y\u00eau th\u00edch c\u1ee7a ch\u00fang t\u00f4i cho m\u00f4 t\u00f4 ph\u00e2n kh\u1ed1i l\u1edbn<\/h2>\t\t<\/div>\n\t\t\t\t<\/div>\n\t\t\t\t\t<\/div>\n\t\t<\/div>\n\t\t\t\t\t\t\t<\/div>\n\t\t<\/section>\n\t\t\t\t<section class=\"elementor-section elementor-top-section elementor-element elementor-element-98695be elementor-section-stretched elementor-section-boxed elementor-section-height-default elementor-section-height-default\" data-id=\"98695be\" data-element_type=\"section\" data-settings=\"{&quot;stretch_section&quot;:&quot;section-stretched&quot;}\">\n\t\t\t\t\t\t<div class=\"elementor-container elementor-column-gap-no\">\n\t\t\t\t\t<div class=\"elementor-column elementor-col-100 elementor-top-column elementor-element elementor-element-938b9aa\" data-id=\"938b9aa\" data-element_type=\"column\">\n\t\t\t<div class=\"elementor-widget-wrap elementor-element-populated\">\n\t\t\t\t\t\t\t\t<div class=\"elementor-element elementor-element-eca4497 elementor-align-center show-decor-yes animated-fast elementor-invisible elementor-widget elementor-widget-heading\" data-id=\"eca4497\" data-element_type=\"widget\" data-settings=\"{&quot;_animation&quot;:&quot;opal-move-up&quot;}\" data-widget_type=\"heading.default\">\n\t\t\t\t<div class=\"elementor-widget-container\">\n\t\t\t<span class=\"sub-title\"><i class=\"opal-icon-decor-left\" aria-hidden=\"true\"><\/i><span>H - D Hanoi MC<\/span><i class=\"opal-icon-decor-right\" aria-hidden=\"true\"><\/i><\/span><h2 class=\"elementor-heading-title elementor-size-default\">Ho\u1ea1t \u0111\u1ed9ng<\/h2>\t\t<\/div>\n\t\t\t\t<\/div>\n\t\t\t\t<section class=\"elementor-section elementor-inner-section elementor-element elementor-element-d8222be elementor-section-full_width elementor-section-height-default elementor-section-height-default\" data-id=\"d8222be\" data-element_type=\"section\">\n\t\t\t\t\t\t<div class=\"elementor-container elementor-column-gap-no\">\n\t\t\t\t\t<div class=\"elementor-column elementor-col-33 elementor-inner-column elementor-element elementor-element-bd083f8 animated-fast elementor-invisible\" data-id=\"bd083f8\" data-element_type=\"column\" data-settings=\"{&quot;background_background&quot;:&quot;classic&quot;,&quot;animation&quot;:&quot;opal-move-up&quot;}\">\n\t\t\t<div class=\"elementor-widget-wrap elementor-element-populated\">\n\t\t\t\t\t\t\t\t<div class=\"elementor-element elementor-element-d3df816 elementor-position-center elementor-view-default elementor-widget elementor-widget-featured-box\" data-id=\"d3df816\" data-element_type=\"widget\" data-widget_type=\"featured-box.default\">\n\t\t\t\t<div class=\"elementor-widget-container\">\n\t\t\t<div class=\"elementor-featured-box-wrapper\"><div class=\"elementor-featured-box-top\"><div class=\"elementor-featured-box-icon\"><span class=\"elementor-icon\"><i class=\"opal-icon-motocross\" aria-hidden=\"true\" ><\/i><\/span><\/div><div class=\"elementor-featured-box-header\"><h3 class=\"elementor-featured-box-title\">CH\u00daNG T\u00d4I C\u00d3 c\u00e1c ho\u1ea1t \u0111\u1ed9ng<\/h3><\/div><\/div><div class=\"elementor-featured-box-bottom\"><p class=\"elementor-featured-box-description\">H - D HANOI MC th\u01b0\u1eddng xuy\u00ean t\u1ed5 ch\u1ee9c c\u00e1c chuy\u1ebfn \u0111i ph\u00f9 h\u1ee3p v\u1edbi m\u1ecdi lo\u1ea1i xe \u0111\u1ea1p v\u00e0 t\u1ed1c \u0111\u1ed9. C\u00e1c chuy\u1ebfn \u0111i c\u1ee7a ch\u00fang t\u00f4i bao g\u1ed3m c\u00e1c tuy\u1ebfn \u0111\u01b0\u1eddng ng\u1eafn, \u0111\u1ecba ph\u01b0\u01a1ng, \u0111\u1ebfn du l\u1ecbch l\u1ee5c \u0111\u1ecba.<\/p><\/div><\/div>\t\t<\/div>\n\t\t\t\t<\/div>\n\t\t\t\t\t<\/div>\n\t\t<\/div>\n\t\t\t\t<div class=\"elementor-column elementor-col-33 elementor-inner-column elementor-element elementor-element-e2ad7b1 animated-fast elementor-invisible\" data-id=\"e2ad7b1\" data-element_type=\"column\" data-settings=\"{&quot;background_background&quot;:&quot;classic&quot;,&quot;animation&quot;:&quot;opal-move-up&quot;,&quot;animation_delay&quot;:150}\">\n\t\t\t<div class=\"elementor-widget-wrap elementor-element-populated\">\n\t\t\t\t\t\t\t\t<div class=\"elementor-element elementor-element-e847a5b elementor-position-center elementor-view-default elementor-widget elementor-widget-featured-box\" data-id=\"e847a5b\" data-element_type=\"widget\" data-widget_type=\"featured-box.default\">\n\t\t\t\t<div class=\"elementor-widget-container\">\n\t\t\t<div class=\"elementor-featured-box-wrapper\"><div class=\"elementor-featured-box-top\"><div class=\"elementor-featured-box-icon\"><span class=\"elementor-icon\"><i class=\"opal-icon-support-heart\" aria-hidden=\"true\" ><\/i><\/span><\/div><div class=\"elementor-featured-box-header\"><h3 class=\"elementor-featured-box-title\">H\u1ed6 TR\u1ee2 C\u00c1C T\u1ed4 CH\u1ee8C T\u1eea THI\u1ec6N<\/h3><\/div><\/div><div class=\"elementor-featured-box-bottom\"><p class=\"elementor-featured-box-description\">Ch\u00fang t\u00f4i h\u1ed7 tr\u1ee3 c\u1ea3 c\u00e1c t\u1ed5 ch\u1ee9c t\u1eeb thi\u1ec7n \u0111\u1ecba ph\u01b0\u01a1ng v\u00e0 qu\u1ed1c gia nh\u01b0 xe c\u1ee9u th\u01b0\u01a1ng tr\u00ean kh\u00f4ng, xe \u0111\u1ea1p m\u00e1u v\u00e0 qu\u1ef9 t\u00edn th\u00e1c ung th\u01b0 cho thanh thi\u1ebfu ni\u00ean th\u00f4ng qua Stephen Sutton Ride h\u00e0ng n\u0103m<\/p><\/div><\/div>\t\t<\/div>\n\t\t\t\t<\/div>\n\t\t\t\t\t<\/div>\n\t\t<\/div>\n\t\t\t\t<div class=\"elementor-column elementor-col-33 elementor-inner-column elementor-element elementor-element-e98963c animated-fast elementor-invisible\" data-id=\"e98963c\" data-element_type=\"column\" data-settings=\"{&quot;background_background&quot;:&quot;classic&quot;,&quot;animation&quot;:&quot;opal-move-up&quot;,&quot;animation_delay&quot;:300}\">\n\t\t\t<div class=\"elementor-widget-wrap elementor-element-populated\">\n\t\t\t\t\t\t\t\t<div class=\"elementor-element elementor-element-ee2fbfd elementor-position-center elementor-view-default elementor-widget elementor-widget-featured-box\" data-id=\"ee2fbfd\" data-element_type=\"widget\" data-widget_type=\"featured-box.default\">\n\t\t\t\t<div class=\"elementor-widget-container\">\n\t\t\t<div class=\"elementor-featured-box-wrapper\"><div class=\"elementor-featured-box-top\"><div class=\"elementor-featured-box-icon\"><span class=\"elementor-icon\"><i class=\"opal-icon-motorcycle\" aria-hidden=\"true\" ><\/i><\/span><\/div><div class=\"elementor-featured-box-header\"><h3 class=\"elementor-featured-box-title\">TRI\u1ec2N L\u00c3M XE M\u00c1Y<\/h3><\/div><\/div><div class=\"elementor-featured-box-bottom\"><p class=\"elementor-featured-box-description\">Ch\u00fang t\u00f4i c\u00f3 m\u1ed9t b\u1ed9 s\u01b0u t\u1eadp Xe m\u00e1y Harley - Davidson \u0111a d\u1ea1ng nh\u01b0 v\u1eady th\u00f4ng qua c\u00e2u l\u1ea1c b\u1ed9. Ch\u00fang t\u00f4i tham d\u1ef1 v\u00e0 tri\u1ec3n l\u00e3m t\u1ea1i h\u1ea7u h\u1ebft c\u00e1c ch\u01b0\u01a1ng tr\u00ecnh m\u00f4 t\u00f4 l\u1edbn.<\/p><\/div><\/div>\t\t<\/div>\n\t\t\t\t<\/div>\n\t\t\t\t\t<\/div>\n\t\t<\/div>\n\t\t\t\t\t\t\t<\/div>\n\t\t<\/section>\n\t\t\t\t\t<\/div>\n\t\t<\/div>\n\t\t\t\t\t\t\t<\/div>\n\t\t<\/section>\n\t\t\t\t<section class=\"elementor-section elementor-top-section elementor-element elementor-element-14925b9 elementor-section-stretched elementor-section-boxed elementor-section-height-default elementor-section-height-default\" data-id=\"14925b9\" data-element_type=\"section\" data-settings=\"{&quot;stretch_section&quot;:&quot;section-stretched&quot;,&quot;background_background&quot;:&quot;classic&quot;}\">\n\t\t\t\t\t\t<div class=\"elementor-container elementor-column-gap-no\">\n\t\t\t\t\t<div class=\"elementor-column elementor-col-25 elementor-top-column elementor-element elementor-element-859d804 animated-fast elementor-invisible\" data-id=\"859d804\" data-element_type=\"column\" data-settings=\"{&quot;animation&quot;:&quot;opal-move-up&quot;}\">\n\t\t\t<div class=\"elementor-widget-wrap elementor-element-populated\">\n\t\t\t\t\t\t\t\t<div class=\"elementor-element elementor-element-6ac875f elementor-position-center elementor-widget elementor-widget-counter\" data-id=\"6ac875f\" data-element_type=\"widget\" data-widget_type=\"counter.default\">\n\t\t\t\t<div class=\"elementor-widget-container\">\n\t\t\t<style>\/*! elementor - v3.11.5 - 14-03-2023 *\/\n.elementor-counter .elementor-counter-number-wrapper{display:flex;font-size:69px;font-weight:600;line-height:1}.elementor-counter .elementor-counter-number-prefix,.elementor-counter .elementor-counter-number-suffix{flex-grow:1;white-space:pre-wrap}.elementor-counter .elementor-counter-number-prefix{text-align:right}.elementor-counter .elementor-counter-number-suffix{text-align:left}.elementor-counter .elementor-counter-title{text-align:center;font-size:19px;font-weight:400;line-height:2.5}<\/style>        <div class=\"elementor-counter\">\n            <div class=\"elementor-counter-wrapper\">\n                <div class=\"elementor-counter-number-wrapper\">\n                    <span class=\"elementor-counter-number-prefix\"><\/span>\n                    <span class=\"elementor-counter-number\" data-duration=\"2000\" data-to-value=\"25\" data-delimiter=\",\">0<\/span>\n                    <span class=\"elementor-counter-number-suffix\"><\/span>\n                <\/div>\n                                <div class=\"elementor-counter-divider\">\n                    <span><\/span>\n                <\/div>\n                                                    <div class=\"elementor-counter-title\">Th\u00e0nh vi\u00ean<\/div>\n                            <\/div>\n        <\/div>\n        \t\t<\/div>\n\t\t\t\t<\/div>\n\t\t\t\t\t<\/div>\n\t\t<\/div>\n\t\t\t\t<div class=\"elementor-column elementor-col-25 elementor-top-column elementor-element elementor-element-84b8c7f animated-fast elementor-invisible\" data-id=\"84b8c7f\" data-element_type=\"column\" data-settings=\"{&quot;animation&quot;:&quot;opal-move-up&quot;,&quot;animation_delay&quot;:100}\">\n\t\t\t<div class=\"elementor-widget-wrap elementor-element-populated\">\n\t\t\t\t\t\t\t\t<div class=\"elementor-element elementor-element-e3c6c20 elementor-position-center elementor-widget elementor-widget-counter\" data-id=\"e3c6c20\" data-element_type=\"widget\" data-widget_type=\"counter.default\">\n\t\t\t\t<div class=\"elementor-widget-container\">\n\t\t\t        <div class=\"elementor-counter\">\n            <div class=\"elementor-counter-wrapper\">\n                <div class=\"elementor-counter-number-wrapper\">\n                    <span class=\"elementor-counter-number-prefix\"><\/span>\n                    <span class=\"elementor-counter-number\" data-duration=\"2000\" data-to-value=\"486\" data-delimiter=\",\">0<\/span>\n                    <span class=\"elementor-counter-number-suffix\"><\/span>\n                <\/div>\n                                <div class=\"elementor-counter-divider\">\n                    <span><\/span>\n                <\/div>\n                                                    <div class=\"elementor-counter-title\">Club rides<\/div>\n                            <\/div>\n        <\/div>\n        \t\t<\/div>\n\t\t\t\t<\/div>\n\t\t\t\t\t<\/div>\n\t\t<\/div>\n\t\t\t\t<div class=\"elementor-column elementor-col-25 elementor-top-column elementor-element elementor-element-b10dd02 animated-fast elementor-invisible\" data-id=\"b10dd02\" data-element_type=\"column\" data-settings=\"{&quot;animation&quot;:&quot;opal-move-up&quot;,&quot;animation_delay&quot;:200}\">\n\t\t\t<div class=\"elementor-widget-wrap elementor-element-populated\">\n\t\t\t\t\t\t\t\t<div class=\"elementor-element elementor-element-1bb632a elementor-position-center elementor-widget elementor-widget-counter\" data-id=\"1bb632a\" data-element_type=\"widget\" data-widget_type=\"counter.default\">\n\t\t\t\t<div class=\"elementor-widget-container\">\n\t\t\t        <div class=\"elementor-counter\">\n            <div class=\"elementor-counter-wrapper\">\n                <div class=\"elementor-counter-number-wrapper\">\n                    <span class=\"elementor-counter-number-prefix\"><\/span>\n                    <span class=\"elementor-counter-number\" data-duration=\"2000\" data-to-value=\"1561\" data-delimiter=\",\">0<\/span>\n                    <span class=\"elementor-counter-number-suffix\"><\/span>\n                <\/div>\n                                <div class=\"elementor-counter-divider\">\n                    <span><\/span>\n                <\/div>\n                                                    <div class=\"elementor-counter-title\">S\u1ed1 l\u1ea7n b\u1ea3o d\u01b0\u1ee1ng<\/div>\n                            <\/div>\n        <\/div>\n        \t\t<\/div>\n\t\t\t\t<\/div>\n\t\t\t\t\t<\/div>\n\t\t<\/div>\n\t\t\t\t<div class=\"elementor-column elementor-col-25 elementor-top-column elementor-element elementor-element-80b1636 animated-fast elementor-invisible\" data-id=\"80b1636\" data-element_type=\"column\" data-settings=\"{&quot;animation&quot;:&quot;opal-move-up&quot;,&quot;animation_delay&quot;:300}\">\n\t\t\t<div class=\"elementor-widget-wrap elementor-element-populated\">\n\t\t\t\t\t\t\t\t<div class=\"elementor-element elementor-element-f216e91 elementor-position-center elementor-widget elementor-widget-counter\" data-id=\"f216e91\" data-element_type=\"widget\" data-widget_type=\"counter.default\">\n\t\t\t\t<div class=\"elementor-widget-container\">\n\t\t\t        <div class=\"elementor-counter\">\n            <div class=\"elementor-counter-wrapper\">\n                <div class=\"elementor-counter-number-wrapper\">\n                    <span class=\"elementor-counter-number-prefix\"><\/span>\n                    <span class=\"elementor-counter-number\" data-duration=\"2000\" data-to-value=\"98999\" data-delimiter=\",\">0<\/span>\n                    <span class=\"elementor-counter-number-suffix\"><\/span>\n                <\/div>\n                                <div class=\"elementor-counter-divider\">\n                    <span><\/span>\n                <\/div>\n                                                    <div class=\"elementor-counter-title\">T\u1ed5ng s\u1ed1 KM<\/div>\n                            <\/div>\n        <\/div>\n        \t\t<\/div>\n\t\t\t\t<\/div>\n\t\t\t\t\t<\/div>\n\t\t<\/div>\n\t\t\t\t\t\t\t<\/div>\n\t\t<\/section>\n\t\t\t\t<section class=\"elementor-section elementor-top-section elementor-element elementor-element-b08bb38 elementor-section-stretched elementor-section-boxed elementor-section-height-default elementor-section-height-default\" data-id=\"b08bb38\" data-element_type=\"section\" data-settings=\"{&quot;stretch_section&quot;:&quot;section-stretched&quot;,&quot;background_background&quot;:&quot;classic&quot;}\">\n\t\t\t\t\t\t\t<div class=\"elementor-background-overlay\"><\/div>\n\t\t\t\t\t\t\t<div class=\"elementor-container elementor-column-gap-no\">\n\t\t\t\t\t<div class=\"elementor-column elementor-col-100 elementor-top-column elementor-element elementor-element-c26de39\" data-id=\"c26de39\" data-element_type=\"column\">\n\t\t\t<div class=\"elementor-widget-wrap elementor-element-populated\">\n\t\t\t\t\t\t\t\t<div class=\"elementor-element elementor-element-6e4b2e3 elementor-align-center animated-fast elementor-invisible elementor-widget elementor-widget-heading\" data-id=\"6e4b2e3\" data-element_type=\"widget\" data-settings=\"{&quot;_animation&quot;:&quot;opal-move-up&quot;}\" data-widget_type=\"heading.default\">\n\t\t\t\t<div class=\"elementor-widget-container\">\n\t\t\t<h2 class=\"elementor-heading-title elementor-size-default\">Tham gia c\u00f9ng v\u1edbi ch\u00fang t\u00f4i<\/h2>\t\t<\/div>\n\t\t\t\t<\/div>\n\t\t\t\t<div class=\"elementor-element elementor-element-746773b elementor-align-center animated-fast elementor-invisible elementor-widget elementor-widget-heading\" data-id=\"746773b\" data-element_type=\"widget\" data-settings=\"{&quot;_animation&quot;:&quot;opal-move-up&quot;}\" data-widget_type=\"heading.default\">\n\t\t\t\t<div class=\"elementor-widget-container\">\n\t\t\t<h2 class=\"elementor-heading-title elementor-size-default\">Tr\u1edf th\u00e0nh th\u00e0nh vi\u00ean c\u1ee7a<br>\nH - D Hanoi MC<\/h2>\t\t<\/div>\n\t\t\t\t<\/div>\n\t\t\t\t<div class=\"elementor-element elementor-element-8537b13 elementor-align-center animated-fast elementor-button-primary elementor-invisible elementor-widget elementor-widget-button\" data-id=\"8537b13\" data-element_type=\"widget\" data-settings=\"{&quot;_animation&quot;:&quot;opal-move-up&quot;}\" data-widget_type=\"button.default\">\n\t\t\t\t<div class=\"elementor-widget-container\">\n\t\t\t        <div class=\"elementor-button-wrapper\">\n            <a href=\"https:\/\/hdhanoimc.com\/vi\/contact\/\" class=\"elementor-button-link elementor-button elementor-size-md\" target=\"_blank\" role=\"button\">\n                \t\t<span class=\"elementor-button-content-wrapper\">\n\t\t\t\t\t\t<span class=\"elementor-button-text\">\u0110\u0103ng k\u00ed<\/span>\n\t\t<\/span>\n\t\t            <\/a>\n        <\/div>\n        \t\t<\/div>\n\t\t\t\t<\/div>\n\t\t\t\t\t<\/div>\n\t\t<\/div>\n\t\t\t\t\t\t\t<\/div>\n\t\t<\/section>\n\t\t\t\t\t\t\t<\/div>\n\t\t","protected":false},"excerpt":{"rendered":"<p>Club m\u00f4 t\u00f4 H &#8211; D HANOI MC C\u00e2u l\u1ea1c b\u1ed9 M\u00f4 t\u00f4 th\u1ec3 thao H &#8211; D H\u00e0 N\u1ed9i l\u00e0 m\u1ed9t t\u1ed5 ch\u1ee9c phi l\u1ee3i nhu\u1eadn \u0111\u01b0\u1ee3c t\u1eadp h\u1ee3p b\u1edfi nh\u1eefng anh em c\u00f3 chung ni\u1ec1m \u0111am m\u00ea v\u1edbi M\u00f4 t\u00f4 Harley-Davidson t\u1ea1i H\u00e0 N\u1ed9i. N\u01a1i t\u1ed5 ch\u1ee9c m\u1ecdi chuy\u1ebfn \u0111i, ho\u1ea1t \u0111\u1ed9ng c\u1ee7a&hellip; <\/p>\n<p class=\"link-more\"><a href=\"https:\/\/hdhanoimc.com\/vi\/club-info\/\" class=\"more-link\">Read More <span class=\"screen-reader-text\"> &#8220;V\u1ec1 ch\u00fang t\u00f4i&#8221;<\/span><\/a><\/p>\n","protected":false},"author":1,"featured_media":0,"parent":0,"menu_order":0,"comment_status":"closed","ping_status":"closed","template":"page-elementor.php","meta":[],"_links":{"self":[{"href":"https:\/\/hdhanoimc.com\/vi\/wp-json\/wp\/v2\/pages\/317"}],"collection":[{"href":"https:\/\/hdhanoimc.com\/vi\/wp-json\/wp\/v2\/pages"}],"about":[{"href":"https:\/\/hdhanoimc.com\/vi\/wp-json\/wp\/v2\/types\/page"}],"author":[{"embeddable":true,"href":"https:\/\/hdhanoimc.com\/vi\/wp-json\/wp\/v2\/users\/1"}],"replies":[{"embeddable":true,"href":"https:\/\/hdhanoimc.com\/vi\/wp-json\/wp\/v2\/comments?post=317"}],"version-history":[{"count":7,"href":"https:\/\/hdhanoimc.com\/vi\/wp-json\/wp\/v2\/pages\/317\/revisions"}],"predecessor-version":[{"id":6925,"href":"https:\/\/hdhanoimc.com\/vi\/wp-json\/wp\/v2\/pages\/317\/revisions\/6925"}],"wp:attachment":[{"href":"https:\/\/hdhanoimc.com\/vi\/wp-json\/wp\/v2\/media?parent=317"}],"curies":[{"name":"wp","href":"https:\/\/api.w.org\/{rel}","templated":true}]}}